{"id":11781,"date":"2021-07-23T16:21:02","date_gmt":"2021-07-23T14:21:02","guid":{"rendered":"https:\/\/www.energyteam.it\/the-company\/25-anni-in-25-secondi\/"},"modified":"2024-07-04T09:05:26","modified_gmt":"2024-07-04T07:05:26","slug":"25-years-in-25-seconds","status":"publish","type":"page","link":"https:\/\/www.energyteam.it\/en\/the-company\/25-years-in-25-seconds\/","title":{"rendered":"25 years in 25 seconds"},"content":{"rendered":"\n<div class=\"wp-block-columns is-layout-flex wp-container-core-columns-is-layout-9d6595d7 wp-block-columns-is-layout-flex\">\n<div class=\"wp-block-column is-layout-flow wp-block-column-is-layout-flow\">\n<p>Milano, marzo 2021. A distanza di 25 anni dalla sua fondazione, Energy Team festeggia questo importante traguardo ricordando le sue origini. L\u2019azienda nasce dall\u2019intuizione di 7 amici alla ricerca di soluzioni energetiche efficienti e innovative per un mercato in forte crescita; sanno che le risorse non sono illimitate e se produrre energia in modo intelligente pare loro fondamentatale, ritengono lo sia ancor pi\u00f9 evitarne lo spreco.<br>Ci\u00f2 che ha costantemente ispirato i fondatori di Energy Team in questi 25 anni \u00e8 stata la consapevolezza di poter fare la differenza contribuendo a rendere l\u2019attivit\u00e0 produttiva delle aziende italiane pi\u00f9 sostenibile. <br><\/p>\n<\/div>\n\n\n\n<div class=\"wp-block-column is-layout-flow wp-block-column-is-layout-flow\">\n<p>Partita da strumenti di monitoraggio energetico, l\u2019offerta di Energy Team oggi si completa di numerosi servizi di consulenza per l\u2019efficienza energetica fino ad approdare a CloE, la piattaforma software di ultima generazione lanciata nel 2020.<br>Energy Team compie 25 anni e i sette fondatori hanno accettato la sfida di celebrare, <strong>in soli 25 secondi<\/strong>, una storia di successo tutta italiana, fondata su impegno, passione e dedizione. Attraverso delle brevi interviste, Luigi Galli, Andrea Vassalli, Maurizio Bianchi, Daniele Bertani, Luciano Telli, Stefano Ferrario e Roberto Rocchi racconteranno come l\u2019azienda sia cresciuta nel corso del tempo, le sfide affrontate e&nbsp; i traguardi raggiunti.<br><strong>Saranno riusciti a superare la sfida?<\/strong><\/p>\n<\/div>\n<\/div>\n\n\n\n<h2 class=\"wp-block-heading has-text-align-center\">Le interviste<\/h2>\n\n\n<section class=\"et_hr_line mb-0\">\r\n\t<div class=\"line_wrap\">\r\n\t\t<hr class=\"et_hr_mini mx-auto border-top border-black\">\r\n\t<\/div>\t\t\t\r\n<\/section>\n\n\n<div class=\"wp-block-group\"><div class=\"wp-block-group__inner-container is-layout-flow wp-block-group-is-layout-flow\">\n<div class=\"wp-block-columns is-layout-flex wp-container-core-columns-is-layout-9d6595d7 wp-block-columns-is-layout-flex\">\n<div class=\"wp-block-column is-layout-flow wp-block-column-is-layout-flow\">\n<figure class=\"wp-block-embed is-type-video is-provider-youtube wp-block-embed-youtube wp-embed-aspect-16-9 wp-has-aspect-ratio\"><div class=\"wp-block-embed__wrapper\">\n<div class=\"video-container\"><iframe loading=\"lazy\" title=\"25 anni in 25 secondi - Episodio 0 - Teaser\" width=\"720\" height=\"405\" src=\"https:\/\/www.youtube.com\/embed\/xG7zQYa-3J8?list=PLhjO2ZSbxhjtDHuSy098eTVzkPzTlx2BK\" frameborder=\"0\" allow=\"accelerometer; autoplay; clipboard-write; encrypted-media; gyroscope; picture-in-picture\" allowfullscreen><\/iframe><\/div>\n<\/div><\/figure>\n\n\n\n<p class=\"has-primary-color has-text-color\"><strong>Teaser | 25 anni in 25 secondi<\/strong><\/p>\n\n\n\n<p><strong>Il progetto per festeggiare i 25 anni di Energy Team<\/strong><\/p>\n\n\n\n<p>Energy Team quest\u2019anno spegne 25 candeline e abbiamo deciso di festeggiare questo importante traguardo con le persone che l&#8217;hanno creata: i 7 soci fondatori si raccontano attraverso una serie di brevi interviste che ripercorrono l&#8217;attivit\u00e0 dell&#8217;azienda dal 1996 a oggi, con i successi raggiunti grazie a impegno, dedizione e passione.<\/p>\n<\/div>\n\n\n\n<div class=\"wp-block-column is-layout-flow wp-block-column-is-layout-flow\">\n<figure class=\"wp-block-embed is-type-video is-provider-youtube wp-block-embed-youtube wp-embed-aspect-16-9 wp-has-aspect-ratio\"><div class=\"wp-block-embed__wrapper\">\n<div class=\"video-container\"><iframe loading=\"lazy\" title=\"25 anni in 25 secondi - Episodio 1 - Luigi Galli\" width=\"720\" height=\"405\" src=\"https:\/\/www.youtube.com\/embed\/NO9kVegfpNo?feature=oembed\" frameborder=\"0\" allow=\"accelerometer; autoplay; clipboard-write; encrypted-media; gyroscope; picture-in-picture\" allowfullscreen><\/iframe><\/div>\n<\/div><\/figure>\n\n\n\n<p class=\"has-primary-color has-text-color\"><strong>Luigi Galli | Amministratore Delegato<\/strong><\/p>\n\n\n\n<p><strong>Efficientamento energetico e carbon footprint<\/strong><\/p>\n\n\n\n<p>Fin dall\u2019inizio siamo stati guidati dalla volont\u00e0 di far la differenza attraverso soluzioni di efficientamento energetico. Volevamo e vogliamo aiutare le aziende italiane a limitare gli sprechi energetici, efficientare gli impianti e incrementare gli investimenti nelle attivit\u00e0 core del business.<br>Finora i nostri clienti hanno risparmiato oltre 400 GWh di energia elettrica e prevediamo di proporre soluzioni sempre pi\u00f9 sostenibili, come il servizio di carbon footprint.<\/p>\n\n\n\n<div class=\"wp-block-buttons is-layout-flex wp-block-buttons-is-layout-flex\">\n<div class=\"wp-block-button has-custom-width wp-block-button__width-100\"><a class=\"wp-block-button__link has-light-color has-primary-background-color has-text-color has-background wp-element-button\" href=\"https:\/\/www.energyteam.it\/en\/energy-consultancy-services\/services-for-sustainability\/\" style=\"border-radius:0px\">Scopri il nostro servizio di  Carbon Footprint<\/a><\/div>\n<\/div>\n\n\n\n<p><\/p>\n<\/div>\n\n\n\n<div class=\"wp-block-column is-layout-flow wp-block-column-is-layout-flow\">\n<figure class=\"wp-block-embed is-type-video is-provider-youtube wp-block-embed-youtube wp-embed-aspect-16-9 wp-has-aspect-ratio\"><div class=\"wp-block-embed__wrapper\">\n<div class=\"video-container\"><iframe loading=\"lazy\" title=\"25 anni in 25 secondi - Episodio 2 - Andrea Vassalli\" width=\"720\" height=\"405\" src=\"https:\/\/www.youtube.com\/embed\/DGBJiaQ5ER8?feature=oembed\" frameborder=\"0\" allow=\"accelerometer; autoplay; clipboard-write; encrypted-media; gyroscope; picture-in-picture\" allowfullscreen><\/iframe><\/div>\n<\/div><\/figure>\n\n\n\n<p class=\"has-primary-color has-text-color\"><strong>Andrea Vassalli | Key Account Manager<\/strong><\/p>\n\n\n\n<p><strong>Peak Shaving e analisi vettori energetici<\/strong><\/p>\n\n\n\n<p>Siamo da sempre la societ\u00e0 leader in Italia nel controllo dei carichi elettrici. Abbiamo iniziato misurando il carico elettrico di ogni realt\u00e0 industriale e del terziario con il contatore fiscle GME e oggi continuiamo a farlo con il Peak Shaving. Per analizzare meglio i consumi abbiamo inoltre sviluppato analizzatori di rete di nuova generazione con memoria integrata, ingressi e uscite programmabili, vettori di comunicazione integrati. Oggi copriamo l\u2019analisi di tutti i vettori energetici.<\/p>\n\n\n\n<div class=\"wp-block-buttons is-layout-flex wp-block-buttons-is-layout-flex\">\n<div class=\"wp-block-button has-custom-width wp-block-button__width-100\"><a class=\"wp-block-button__link has-light-color has-primary-background-color has-text-color has-background wp-element-button\" href=\"https:\/\/www.energyteam.it\/tipologie\/monitoraggio\/\" style=\"border-radius:0px\">Scopri i nostri prodotti per il monitoraggio<\/a><\/div>\n<\/div>\n<\/div>\n<\/div>\n<\/div><\/div>\n\n\n\n<div class=\"wp-block-columns is-layout-flex wp-container-core-columns-is-layout-9d6595d7 wp-block-columns-is-layout-flex\">\n<div class=\"wp-block-column is-layout-flow wp-block-column-is-layout-flow\">\n<figure class=\"wp-block-embed is-type-video is-provider-youtube wp-block-embed-youtube wp-embed-aspect-16-9 wp-has-aspect-ratio\"><div class=\"wp-block-embed__wrapper\">\n<div class=\"video-container\"><iframe loading=\"lazy\" title=\"25 anni in 25 secondi - Episodio 3 - Maurizio Bianchi\" width=\"720\" height=\"405\" src=\"https:\/\/www.youtube.com\/embed\/yIKkx6bSs_0?feature=oembed\" frameborder=\"0\" allow=\"accelerometer; autoplay; clipboard-write; encrypted-media; gyroscope; picture-in-picture\" allowfullscreen><\/iframe><\/div>\n<\/div><\/figure>\n\n\n\n<p class=\"has-primary-color has-text-color\"><strong>Maurizio Bianchi | Responsabile area R&amp;D<\/strong><\/p>\n\n\n\n<p><strong>CloE e monitoraggio energetico<\/strong><\/p>\n\n\n\n<p>Lo sviluppo di nuovi prodotti e sistemi \u00e8 fondamentale per rimanere al passo con i tempi. Ad esempio, la nostra ultima impresa \u00e8 CloE, una piattaforma software intelligente in grado di raccogliere tutta la nostra esperienza ventennale nel monitoraggio energetico e analisi del dato e trasformarla in un calderone di applicazioni e funzionalit\u00e0. <br>CloE rappresenta un\u2019inestimabile risorsa per le figure aziendali che desiderano ottimizzare la propria impresa e compiere azioni pi\u00f9 sostenibili.<\/p>\n\n\n\n<div class=\"wp-block-buttons is-layout-flex wp-block-buttons-is-layout-flex\">\n<div class=\"wp-block-button has-custom-width wp-block-button__width-100\"><a class=\"wp-block-button__link has-light-color has-primary-background-color has-text-color has-background wp-element-button\" href=\"https:\/\/www.cloe-energy-team.it\/\" style=\"border-radius:0px\">Scopri la piattaforma CloE<\/a><\/div>\n<\/div>\n<\/div>\n\n\n\n<div class=\"wp-block-column is-layout-flow wp-block-column-is-layout-flow\">\n<figure class=\"wp-block-embed is-type-video is-provider-youtube wp-block-embed-youtube wp-embed-aspect-16-9 wp-has-aspect-ratio\"><div class=\"wp-block-embed__wrapper\">\n<div class=\"video-container\"><iframe loading=\"lazy\" title=\"25 anni in 25 secondi - Episodio 4 - Daniele Bertani\" width=\"720\" height=\"405\" src=\"https:\/\/www.youtube.com\/embed\/7fS4iLW7BSA?feature=oembed\" frameborder=\"0\" allow=\"accelerometer; autoplay; clipboard-write; encrypted-media; gyroscope; picture-in-picture\" allowfullscreen><\/iframe><\/div>\n<\/div><\/figure>\n\n\n\n<p class=\"has-primary-color has-text-color\"><strong>Daniele Bertani | <strong>Responsabile<\/strong> area Operations<\/strong><\/p>\n\n\n\n<p><strong>Interrompibilit\u00e0, Demand Response e UVAM<\/strong><\/p>\n\n\n\n<p>Siamo partiti in 7 inseguendo un sogno: fare impresa per il piacere di esprimere noi stessi. Ora siamo in 100 e condividiamo tutti lo stesso entusiasmo. Nel nostro Gruppo ci sono professionisti con competenze specifiche che lavorano per portare a termine progetti ambiziosi. Molti di loro sono cresciuti e hanno fatto strada contribuendo attivamente al raggiungimento degli obiettivi aziendali. Del resto anche il mercato ci ha aperto nuove opportunit\u00e0: l&#8217;interrompibilit\u00e0, il demand response, le UVAM.<\/p>\n\n\n\n<div class=\"wp-block-buttons is-layout-flex wp-block-buttons-is-layout-flex\">\n<div class=\"wp-block-button has-custom-width wp-block-button__width-100\"><a class=\"wp-block-button__link has-light-color has-primary-background-color has-text-color has-background wp-element-button\" href=\"https:\/\/www.energyteam.it\/tipologie\/gestione-di-rete\/\" style=\"border-radius:0px\">Scopri i nostri servizi di Demand Response<\/a><\/div>\n<\/div>\n<\/div>\n\n\n\n<div class=\"wp-block-column is-layout-flow wp-block-column-is-layout-flow\">\n<figure class=\"wp-block-embed is-type-video is-provider-youtube wp-block-embed-youtube wp-embed-aspect-16-9 wp-has-aspect-ratio\"><div class=\"wp-block-embed__wrapper\">\n<div class=\"video-container\"><iframe loading=\"lazy\" title=\"25 anni in 25 secondi - Episodio 5 - Luciano Telli\" width=\"720\" height=\"405\" src=\"https:\/\/www.youtube.com\/embed\/fCMvFWJ0Hzk?feature=oembed\" frameborder=\"0\" allow=\"accelerometer; autoplay; clipboard-write; encrypted-media; gyroscope; picture-in-picture\" allowfullscreen><\/iframe><\/div>\n<\/div><\/figure>\n\n\n\n<p class=\"has-primary-color has-text-color\"><strong>Luciano Telli | Key Account Manager<\/strong><\/p>\n\n\n\n<p><strong>Servizi di consulenza integrati con il Gruppo Renantis<\/strong><\/p>\n\n\n\n<p>Dal 1996, anno di fondazione di Energy Team, il mondo dell\u2019energia \u00e8 cambiato profondamente, ma noi abbiamo saputo affrontare la sfida. Questo perch\u00e9 siamo competenti in tutti gli ambiti energetici, perch\u00e9 la nostra attivit\u00e0 si basa su necessit\u00e0 reali e perch\u00e9 non mettiamo al centro &#8220;quello che vorremmo vendere&#8221; ma quello che serve al nostro cliente. In termini di consulenza siamo imbattibili e dove non arriva la nostra offerta arrivano i nostri partner e \u00a0Renantis Solutions, parte come noi del gruppo Nadara.<\/p>\n\n\n\n<div class=\"wp-block-buttons is-layout-flex wp-block-buttons-is-layout-flex\">\n<div class=\"wp-block-button has-custom-width wp-block-button__width-100\"><a class=\"wp-block-button__link has-light-color has-primary-background-color has-text-color has-background wp-element-button\" href=\"https:\/\/www.energyteam.it\/en\/energy-consultancy-services\/\" style=\"border-radius:0px\">Scopri i nostri servizi di consulenza energetica<\/a><\/div>\n<\/div>\n<\/div>\n<\/div>\n\n\n\n<div class=\"wp-block-columns is-layout-flex wp-container-core-columns-is-layout-9d6595d7 wp-block-columns-is-layout-flex\">\n<div class=\"wp-block-column is-layout-flow wp-block-column-is-layout-flow\" style=\"flex-basis:100%\">\n<div class=\"wp-block-columns is-layout-flex wp-container-core-columns-is-layout-9d6595d7 wp-block-columns-is-layout-flex\">\n<div class=\"wp-block-column is-layout-flow wp-block-column-is-layout-flow\">\n<figure class=\"wp-block-embed is-type-video is-provider-youtube wp-block-embed-youtube wp-embed-aspect-16-9 wp-has-aspect-ratio\"><div class=\"wp-block-embed__wrapper\">\n<div class=\"video-container\"><iframe loading=\"lazy\" title=\"25 anni in 25 secondi - Episodio 6 - Stefano Ferrario\" width=\"720\" height=\"405\" src=\"https:\/\/www.youtube.com\/embed\/xhygozQUSAE?feature=oembed\" frameborder=\"0\" allow=\"accelerometer; autoplay; clipboard-write; encrypted-media; gyroscope; picture-in-picture\" allowfullscreen><\/iframe><\/div>\n<\/div><\/figure>\n\n\n\n<p class=\"has-primary-color has-text-color\"><strong>Stefano Ferrario | Supporto tecnico<\/strong><\/p>\n\n\n\n<p><strong>Assistenza tecnica e cura del cliente<\/strong><\/p>\n\n\n\n<p>Il servizio di assistenza tecnica di Energy Team non ha eguali: abbiamo brevissimi tempi di attesa e una pianificazione degli interventi molto meticolosa. <br>Lavorare a fianco del cliente in questi 25 anni ci ha permesso di entrare in contatto diretto con le aziende e diventare un loro punto di riferimento. In questo modo abbiamo potuto prenderci cura dei nostri clienti e soddisfarli, non solo in termini di prodotti, ma anche di assistenza ricevuta.<\/p>\n\n\n\n<div class=\"wp-block-buttons is-layout-flex wp-block-buttons-is-layout-flex\">\n<div class=\"wp-block-button has-custom-width wp-block-button__width-100\"><a class=\"wp-block-button__link has-light-color has-primary-background-color has-text-color has-background wp-element-button\" href=\"https:\/\/www.energyteam.it\/en\/energy-consultancy-services\/technical-services\/\" style=\"border-radius:0px\">Scopri i nostri servizi di Assistenza Tecnica<\/a><\/div>\n<\/div>\n<\/div>\n\n\n\n<div class=\"wp-block-column is-layout-flow wp-block-column-is-layout-flow\">\n<figure class=\"wp-block-embed is-type-video is-provider-youtube wp-block-embed-youtube wp-embed-aspect-16-9 wp-has-aspect-ratio\"><div class=\"wp-block-embed__wrapper\">\n<div class=\"video-container\"><iframe loading=\"lazy\" title=\"25 anni in 25 secondi - Episodio 7 - Roberto Rocchi\" width=\"720\" height=\"405\" src=\"https:\/\/www.youtube.com\/embed\/HRjqwffKInk?feature=oembed\" frameborder=\"0\" allow=\"accelerometer; autoplay; clipboard-write; encrypted-media; gyroscope; picture-in-picture\" allowfullscreen><\/iframe><\/div>\n<\/div><\/figure>\n\n\n\n<p class=\"has-primary-color has-text-color\"><strong>Roberto Rocchi | <strong>Responsabile<\/strong> area Sales<\/strong><\/p>\n\n\n\n<p><strong>Monitoraggio energetico e presidio del mercato<\/strong><\/p>\n\n\n\n<p>&#8220;Misura. Monitora. Migliora\u201d \u00e8 sempre stato il nostro motto, fin da quando abbiamo mosso i primi passi nel \u201996. Un principio supportato da ENEA che con il decreto 102 del 2014 ha reso obbligatorio per le aziende energivore il monitoraggio dei prelievi energetici al fine di migliorare efficienza energetica e sostenibilit\u00e0. In questi 25 anni il gruppo \u00e8 cresciuto e anche i clienti. Ad oggi ne contiamo pi\u00f9 di 6.000, con oltre 15.000 siti monitorati e oltre il 60% del mercato dell&#8217;interrompibilit\u00e0 presidiato.<\/p>\n\n\n\n<div class=\"wp-block-buttons is-layout-flex wp-block-buttons-is-layout-flex\">\n<div class=\"wp-block-button has-custom-width wp-block-button__width-100\"><a class=\"wp-block-button__link has-light-color has-primary-background-color has-text-color has-background wp-element-button\" href=\"https:\/\/www.energyteam.it\/en\/energy-consultancy-services\/\" style=\"border-radius:0px\">Scopri i nostri servizi di Energy Management<\/a><\/div>\n<\/div>\n<\/div>\n\n\n\n<div class=\"wp-block-column is-layout-flow wp-block-column-is-layout-flow\">\n<p><\/p>\n<\/div>\n<\/div>\n<\/div>\n<\/div>\n\n\n\n<p><\/p>\n","protected":false},"excerpt":{"rendered":"<p>Milano, marzo 2021. A distanza di 25 anni dalla sua fondazione, Energy Team festeggia questo importante traguardo ricordando le sue origini. L\u2019azienda nasce dall\u2019intuizione di 7 amici alla ricerca di [&hellip;]<\/p>\n","protected":false},"author":3,"featured_media":7903,"parent":2361,"menu_order":0,"comment_status":"closed","ping_status":"closed","template":"","meta":{"_acf_changed":false,"_relevanssi_hide_post":"","_relevanssi_pin_for_all":"","_relevanssi_pin_keywords":"","_relevanssi_unpin_keywords":"","_relevanssi_related_keywords":"","_relevanssi_related_include_ids":"","_relevanssi_related_exclude_ids":"","_relevanssi_related_no_append":"","_relevanssi_related_not_related":"","_relevanssi_related_posts":"6389,1551,6263,3272,3076,7233","_relevanssi_noindex_reason":"","footnotes":""},"class_list":["post-11781","page","type-page","status-publish","has-post-thumbnail","hentry"],"acf":[],"_links":{"self":[{"href":"https:\/\/www.energyteam.it\/en\/wp-json\/wp\/v2\/pages\/11781","targetHints":{"allow":["GET"]}}],"collection":[{"href":"https:\/\/www.energyteam.it\/en\/wp-json\/wp\/v2\/pages"}],"about":[{"href":"https:\/\/www.energyteam.it\/en\/wp-json\/wp\/v2\/types\/page"}],"author":[{"embeddable":true,"href":"https:\/\/www.energyteam.it\/en\/wp-json\/wp\/v2\/users\/3"}],"replies":[{"embeddable":true,"href":"https:\/\/www.energyteam.it\/en\/wp-json\/wp\/v2\/comments?post=11781"}],"version-history":[{"count":5,"href":"https:\/\/www.energyteam.it\/en\/wp-json\/wp\/v2\/pages\/11781\/revisions"}],"predecessor-version":[{"id":14449,"href":"https:\/\/www.energyteam.it\/en\/wp-json\/wp\/v2\/pages\/11781\/revisions\/14449"}],"up":[{"embeddable":true,"href":"https:\/\/www.energyteam.it\/en\/wp-json\/wp\/v2\/pages\/2361"}],"wp:featuredmedia":[{"embeddable":true,"href":"https:\/\/www.energyteam.it\/en\/wp-json\/wp\/v2\/media\/7903"}],"wp:attachment":[{"href":"https:\/\/www.energyteam.it\/en\/wp-json\/wp\/v2\/media?parent=11781"}],"curies":[{"name":"wp","href":"https:\/\/api.w.org\/{rel}","templated":true}]}}